{"id":3273,"date":"2012-09-28T15:59:51","date_gmt":"2012-09-28T18:59:51","guid":{"rendered":"http:\/\/marcogomes.com\/blog\/?page_id=3273"},"modified":"2022-11-07T21:38:52","modified_gmt":"2022-11-08T00:38:52","slug":"clipping","status":"publish","type":"page","link":"https:\/\/marcogomes.com\/blog\/clipping\/","title":{"rendered":"Eu na m\u00eddia"},"content":{"rendered":"<p>Principais mat\u00e9rias sobre mim e minhas empresas.<\/p>\n<h3>2022<\/h3>\n<ul>\n<li><a href=\"https:\/\/marcogomes.com\/blog\/wp-content\/uploads\/2022\/11\/Martech-Hike-anuncia-Marco-Gomes-como-CIO-startupscombr.png\" target=\"_blank\" rel=\"noopener\">Martech Hike anuncia Marco Gomes como CIO: O executivo ter\u00e1 o desafio de liderar o desenvolvimento das plataformas propriet\u00e1rias da startup<\/a>, Startups.com.br (2022-11-07)<\/li>\n<\/ul>\n<h3>2021<\/h3>\n<ul>\n<li><a href=\"http:\/\/marcogomes.com\/blog\/wp-content\/uploads\/2022\/02\/Racismo-algoritmico-o-que-e-e-quais-sao-os-impactos-da-discriminacao-racial-na-tecnologia-Hypeness-\u2013-Inovacao-e-criatividade-para-todos-.png\" target=\"_blank\" rel=\"noopener\">Racismo algor\u00edtmico: o que \u00e9 e quais s\u00e3o os impactos da discrimina\u00e7\u00e3o racial na tecnologia<\/a>, Hypeness (2021-09-30)<\/li>\n<li><a href=\"http:\/\/marcogomes.com\/blog\/wp-content\/uploads\/2022\/02\/Por-onde-andam-6-destaques-de-tecnologia-e-inovacao-de-edicoes-anteriores-da-lista-Under-30-Forbes-Brasil.png\" target=\"_blank\" rel=\"noopener\">Por onde andam 6 destaques de tecnologia e inova\u00e7\u00e3o de edi\u00e7\u00f5es anteriores da lista Under 30<\/a>, Forbes (2021-09-02)<\/li>\n<li><a href=\"https:\/\/marcogomes.com\/blog\/wp-content\/uploads\/2021\/02\/Andre-Florence-da-Alice-sobre-nova-rodada-e-tende%CC%82ncias-tecnologia-vai-reduzir-custos-de-sau%CC%81de-e-beneficiar-a-sociedade-Forbes-2021-02-07.jpg\" target=\"_blank\" rel=\"noopener\">&#8220;Hoje participei de salas muito interessantes no Clubhouse que destrincharam v\u00e1rios aspectos sobre a privacidade de dados. [\u2026] algo que ficou muito evidente nos debates \u2013 principalmente um que foi puxado pelo <strong>Forbes Under 30 Marco Gomes<\/strong> \u2013 \u00e9 que uma intensa campanha de educa\u00e7\u00e3o sobre privacidade de dados se faz essencial&#8221;<\/a>, Angelica Mari para <strong>Forbes<\/strong> (2021-02-11)<\/li>\n<\/ul>\n<h3>2017<\/h3>\n<ul>\n<li><a href=\"http:\/\/marcogomes.com\/blog\/wp-content\/uploads\/2017\/10\/Zuckerberg-asks-forgiveness-but-Facebook-needs-change-Techcrunch-2017-10-01.png\" target=\"_blank\" rel=\"noopener\">Zuckerberg asks forgiveness, but Facebook needs change<\/a>, Techcrunch (2017-10-01)<\/li>\n<\/ul>\n<h3>2016<\/h3>\n<ul>\n<li><a href=\"http:\/\/marcogomes.com\/blog\/wp-content\/uploads\/2016\/06\/Marco-Gomes-ingressa-em-startup-nos-EUA-Baguete-20160629.png\" target=\"_blank\" rel=\"noopener\">Marco Gomes ingressa em startup nos EUA<\/a>, Baguete (2016-06-29)<\/li>\n<li><a href=\"http:\/\/marcogomes.com\/blog\/wp-content\/uploads\/2016\/03\/Correr-Para-Pontuar-Folha-de-S.Paulo-2016-01-2016.png\" target=\"_blank\" rel=\"noopener\">Correr Para Pontuar<\/a>, Folha de S.Paulo (2016-01-26)<\/li>\n<\/ul>\n<h3>2015<\/h3>\n<ul>\n<li><a href=\"http:\/\/marcogomes.com\/blog\/wp-content\/uploads\/2015\/12\/Ele-criou-uma-empresa-aos-21-anos-aos-28-vende-e-faz-outra-DCI-2015-12-04.png\" target=\"_blank\" rel=\"noopener\">Ele criou uma empresa aos 21 anos; aos 28 vende e faz outra<\/a>, Di\u00e1rio Com\u00e9rcio Ind\u00fastria &amp; Servi\u00e7os (2015-12-04)<\/li>\n<li><a href=\"http:\/\/marcogomes.com\/blog\/wp-content\/uploads\/2015\/11\/Vender-a-boo-box-foi-um-dos-melhores-sentimentos-na-vida-diz-Marco-Gomes-PEGN-20151104.png\" target=\"_blank\" rel=\"noopener\">Vender a boo-box foi um dos melhores sentimentos na vida, diz Marco Gomes<\/a>,&nbsp;PEGN (2015-10-30)<\/li>\n<li><strong><a href=\"http:\/\/marcogomes.com\/blog\/wp-content\/uploads\/2015\/11\/FTPI-Digital-compra-empresa-de-publicidade-digital-boo-box-\u2013-Folha-de-S.-Paulo-20151104.png\" target=\"_blank\" rel=\"noopener\">FTPI Digital compra empresa de publicidade digital boo-box<\/a>,&nbsp;Folha de S.Paulo (2015-10-26)<\/strong><\/li>\n<li><a href=\"http:\/\/marcogomes.com\/blog\/wp-content\/uploads\/2015\/10\/boo-box-e-FTPI.jpg\" target=\"_blank\" rel=\"noopener\">FTPI compra a boo-box<\/a>, Meio&amp;Mensagem (2015-10-25)<\/li>\n<li><strong><a href=\"http:\/\/marcogomes.com\/blog\/wp-content\/uploads\/2015\/11\/Mova-Mais-entre-as-100-mais-inovadoras-do-Brasil-Consumidor-Moderno-205-2015-08.pdf\" target=\"_blank\" rel=\"noopener\">Mova Mais entre as 100 empresas mais inovadoras do Brasil<\/a>, Consumidor Moderno 205 (2015-08)<\/strong><\/li>\n<li><a href=\"http:\/\/marcogomes.com\/blog\/wp-content\/uploads\/2015\/07\/Programas-de-fidelidade-premiam-quem-faz-exerc\u00edcios-ou-d\u00e1-caronas-Folha-de-S.Paulo-20150727.png\" target=\"_blank\" rel=\"noopener\">Programas de fidelidade premiam quem faz exerc\u00edcios ou d\u00e1 caronas<\/a>, Folha de S.Paulo (2015-07-27)<\/li>\n<li><a href=\"http:\/\/marcogomes.com\/blog\/wp-content\/uploads\/2015\/07\/Para-o-empreendedor-o-trabalho-nao-pode-ser-so-um-trabalho-Trampos.co-2015-07-08.png\">&#8220;Para o empreendedor, o trabalho n\u00e3o pode ser s\u00f3 um trabalho&#8221;<\/a>, Trampos.co (2015-07-08)<\/li>\n<li><a href=\"http:\/\/marcogomes.com\/blog\/wp-content\/uploads\/2015\/05\/Vou-de-Bike-VIP-2015-04-05.png\" target=\"_blank\" rel=\"noopener\">Vou de Bike<\/a>, VIP (2015-05-05)<\/li>\n<li><a href=\"http:\/\/marcogomes.com\/blog\/wp-content\/uploads\/2015\/03\/M\u00eddia-Program\u00e1tica-Esquenta-no-Pa\u00eds-Propmark-2015-03-23.png\" target=\"_blank\" rel=\"noopener\">M\u00eddia program\u00e1tica esquenta no pa\u00eds<\/a>,&nbsp;propmark (2015-03-23)<\/li>\n<li><a href=\"http:\/\/marcogomes.com\/blog\/wp-content\/uploads\/2015\/03\/Marco-Gomes-da-boo-box-publicidade-digital-Projeto-Draft-20150310.jpg\" target=\"_blank\" rel=\"noopener\">Marco Gomes, da boo-box, o Robin Hood da web<\/a>, Projeto Draft (2015-03-09)<\/li>\n<\/ul>\n<h3>2014<\/h3>\n<ul>\n<li><a href=\"http:\/\/marcogomes.com\/blog\/wp-content\/uploads\/2014\/11\/Brazil-USA-Business-The-Billion-ads-Geek-20141110.png\" target=\"_blank\" rel=\"noopener\">&#8220;The Billion ads Geek&#8221;<\/a>, Brazil &amp; USA Business (2014-11-10)<\/li>\n<li><a href=\"http:\/\/marcogomes.com\/blog\/wp-content\/uploads\/2014\/08\/The-Summit-Dublin-The-9-Most-Influential-Super-Connectors-Sao-Paulo-has-to-offer-20140806.png\" target=\"_blank\" rel=\"noopener\">&#8220;The 9 Most Influential Super Connectors Sao Paulo has to offer&#8221;<\/a>, The Summit Dublin (2014-08-05)<\/li>\n<li><a href=\"http:\/\/marcogomes.com\/blog\/wp-content\/uploads\/2014\/06\/Behaviour-targeting-aims-to-release-blog-power-Financial-Times-Web-2014-05-15-web-and-print.jpg\" target=\"_blank\" rel=\"noopener\">&#8220;Behaviour-targeting aims to release blog power&#8221;<\/a>, Financial Times (2014-05-15)<\/li>\n<li><strong><a href=\"http:\/\/marcogomes.com\/blog\/wp-content\/uploads\/2014\/02\/FORBES-\u2013-30-abaixo-de-30-\u2013-full.jpg\" target=\"_blank\" rel=\"noopener\">&#8220;30 abaixo&nbsp;de 30&#8221;<\/a>, Forbes Brasil (2014-02)<\/strong><\/li>\n<li><strong>Capa:<\/strong> <a href=\"http:\/\/marcogomes.com\/blog\/wp-content\/uploads\/2014\/02\/40-com-menos-de-40-\u2013-\u00c9poca-Neg\u00f3cios-capa-\u2013-2004-02.pdf\" target=\"_blank\" rel=\"noopener\">&#8220;40 com menos de 40&#8221;<\/a>, \u00c9poca Neg\u00f3cios (2014-02)<\/li>\n<li><a href=\"http:\/\/marcogomes.com\/blog\/wp-content\/uploads\/2014\/01\/boo-box-foca-no-fim-da-dispers\u00e3o-da-verba-na-internet-propmark-20140127.png\" target=\"_blank\" rel=\"noopener\">&#8220;boo-box foca no fim da dispers\u00e3o da verba na internet&#8221;<\/a>, Propmark (2014-01-27)<\/li>\n<li><a href=\"http:\/\/marcogomes.com\/blog\/wp-content\/uploads\/2014\/01\/Do-Gama-para-o-mundo-\u2013-Veja-Bras\u00edlia-20140127.png\" target=\"_blank\" rel=\"noopener\">&#8220;Do Gama para o mundo&#8221;<\/a>, Veja Bras\u00edlia (2014-01-27)<\/li>\n<li><a href=\"http:\/\/marcogomes.com\/blog\/wp-content\/uploads\/2014\/01\/Brasileiro-%C3%A9-referencia-em-an%C3%BAncios-digitais-Folha-de-S.-Paulo-2013-01-13.jpg\" target=\"_blank\" rel=\"noopener\">&#8220;Brasileiro \u00e9 refer\u00eancia em an\u00fancios digitais&#8221;<\/a>, Folha de S. Paulo (2013-01-13)<\/li>\n<li><a href=\"http:\/\/marcogomes.com\/blog\/wp-content\/uploads\/2014\/01\/Estrela-da-publicidade-digital-boo-box-come%C3%A7ou-a-vida-hackeando-an%C3%BAncios-Folha-de-S.-Paulo-2013-01-12.png\" target=\"_blank\" rel=\"noopener\">&#8220;Estrela da publicidade digital, boo-box come\u00e7ou a vida hackeando an\u00fancios&#8221;<\/a>, Folha de S. Paulo (2013-01-12)<\/li>\n<\/ul>\n<h3>2013<\/h3>\n<ul>\n<li><a href=\"http:\/\/marcogomes.com\/blog\/wp-content\/uploads\/2013\/11\/Marco-Gomes-\u00e9-eleito-melhor-profissional-de-marketing-do-mundo-Proxxima-2013-11-18.png\" target=\"_blank\" rel=\"noopener\">&#8220;Marco Gomes \u00e9 eleito melhor profissional de marketing do mundo&#8221;<\/a>, ProXXIma (2013-11-18)<\/li>\n<li><a href=\"http:\/\/marcogomes.com\/blog\/wp-content\/uploads\/2013\/11\/Forbes-Brasil-20131128.png\" target=\"_blank\" rel=\"noopener\">&#8220;Marco Gomes, o empreendedor brasileiro que disputa mercado com Google e Facebook&#8221;<\/a>, Forbes (2013-11-28)<\/li>\n<li><strong>Capa:<\/strong>&nbsp;<a href=\"http:\/\/marcogomes.com\/blog\/wp-content\/uploads\/2013\/11\/ProXXIma-\u2013-Por-dentro-da-boo-box-2013-10.pdf\" target=\"_blank\" rel=\"noopener\">&#8220;Por dentro da boo-box&#8221;<\/a>, ProXXIma (2013-10)<\/li>\n<li><a href=\"http:\/\/marcogomes.com\/blog\/wp-content\/uploads\/2013\/10\/Jovem-aprendeu-a-programar-em-computador-de-muamba-\u2013-Folha-de-S.-Paulo-2013-10-05.jpg\" target=\"_blank\" rel=\"noopener\">&#8220;Jovem aprendeu a programar em computador de muamba&#8221;<\/a>, Folha de S. Paulo (2013-10-05)<\/li>\n<li><strong>Capa:&nbsp;<\/strong><a href=\"http:\/\/marcogomes.com\/blog\/wp-content\/uploads\/2013\/10\/PEGN-\u2013-2013-10-35-jovens-inovadores.pdf\" target=\"_blank\" rel=\"noopener\">&#8220;Os Segredos da Gera\u00e7\u00e3o Empreendedora \u2013 35 jovens inovadores<\/a>&#8220;, PEGN \u2013 Pequenas Empresas &amp; Grandes Neg\u00f3cios (2013-10)<strong><br \/>\n<\/strong><\/li>\n<li><a href=\"http:\/\/marcogomes.com\/blog\/wp-content\/uploads\/2013\/09\/Isto\u00c9-Dinheiro-Pagina-Completa.jpg\" target=\"_blank\" rel=\"noopener\">&#8220;Brasileiro Inovador&#8221;<\/a>, Isto\u00c9 Dinheiro (2013-09-25)<\/li>\n<li><a href=\"http:\/\/marcogomes.com\/blog\/wp-content\/uploads\/2012\/09\/Carta-Capital-boo-box.jpg\" target=\"_blank\" rel=\"noopener\">&#8220;O Farejador de Audi\u00eancia&#8221;<\/a>, Carta Capital (2013-09-04)<\/li>\n<li><a href=\"http:\/\/marcogomes.com\/blog\/wp-content\/uploads\/2013\/06\/Confian\u00e7a-o-motor-das-manifesta\u00e7\u00f5es-nas-redes-sociais-\u2013-VEJA.com_.png\" target=\"_blank\" rel=\"noopener\">&#8220;Confian\u00e7a o motor das manifesta\u00e7\u00f5es nas redes sociais&#8221;<\/a>, VEJA.com (2013-06-21)<\/li>\n<li><a href=\"http:\/\/marcogomes.com\/blog\/wp-content\/uploads\/2013\/06\/Protesto_Tribos_OGlobo.pdf\" target=\"_blank\" rel=\"noopener\">&#8220;O Caldo Engrossa&#8221;<\/a>, O Globo (2013-06-18)<\/li>\n<li><a href=\"http:\/\/marcogomes.com\/blog\/wp-content\/uploads\/2013\/05\/05.04-Folha-de-S\u00e3o-Paulo.jpg\" target=\"_blank\" rel=\"noopener\">&#8220;Veja 4 dicas para manter o o foco no trabalho&#8221;<\/a>, Folha de S\u00e3o Paulo (2013-05-05)<\/li>\n<li><a href=\"http:\/\/marcogomes.com\/blog\/wp-content\/uploads\/2012\/09\/Empresario-Criava-e-Vendia-Sites-aos-12-anos-O-Estado-de-Sao-Paulo-2013-04-21.jpg\" target=\"_blank\" rel=\"noopener\">&#8220;Empres\u00e1rio Criava e Vendia Sites aos 12 anos&#8221;<\/a>, O Estado de S\u00e3o Paulo (2013-04-21)<\/li>\n<li><a href=\"http:\/\/marcogomes.com\/blog\/wp-content\/uploads\/2012\/09\/boo-box-passa-a-oferecer-solu\u00e7\u00f5es-no-FB-Meio-Mensagem-2013-04-22-14-04-15.png\" target=\"_blank\" rel=\"noopener\">&#8220;boo-box passa a oferecer solu\u00e7\u00f5es no FB&#8221;<\/a>, Meio &amp; Mensagem (2013-04-18)<\/li>\n<li><a href=\"http:\/\/marcogomes.com\/blog\/wp-content\/uploads\/2013\/05\/Um-passarinho-me-chamou-para-a-ONU-\u2013-Blog-do-Tas-2013-04-04.png\" target=\"_blank\" rel=\"noopener\">&#8220;Um passarinho me chamou para a ONU&#8221;<\/a>, Blog do Tas (2013-04-04)<\/li>\n<li><a href=\"http:\/\/marcogomes.com\/blog\/wp-content\/uploads\/2012\/09\/boo-box-de-uma-ideia-\u00e0-plataforma-para-disputar-com-Google-e-Facebook-\u2013-Mundo-do-Marketing-\u2013-2013-03-18.png\" target=\"_blank\" rel=\"noopener\">&#8220;boo-box: de uma ideia \u00e0 plataforma para disputar com Google e Facebook&#8221;<\/a>, Mundo do Marketing (2013-03-18)<\/li>\n<li><a href=\"http:\/\/marcogomes.com\/blog\/wp-content\/uploads\/2012\/09\/Voc\u00ea-SA-Marco-Gomes-bike-bicicleta-trabalho.jpg\" target=\"_blank\" rel=\"noopener\">&#8220;V\u00e1 Trabalhar Pedalando&#8221;<\/a>, Voc\u00ea S\/A (edi\u00e7\u00e3o #177, 2013-02)<\/li>\n<li><a href=\"http:\/\/marcogomes.com\/blog\/wp-content\/uploads\/2013\/01\/01.07.2012-Meio-e-Mensagem.jpg\" target=\"_blank\" rel=\"noopener\">&#8220;Quando a Publicidade Online se Reinventa&#8221;<\/a>, Meio &amp; Mensagem (2013-01-07)<\/li>\n<\/ul>\n<h3>2012<\/h3>\n<ul>\n<li><a href=\"http:\/\/marcogomes.com\/blog\/wp-content\/uploads\/2013\/01\/ProXXIma-\u2013-Capa-e-p-21-\u2013-2012-11-011.jpg\" target=\"_blank\" rel=\"noopener\">&#8220;Tecnologia Criativa \u2013 A Nova Ordem da Publicidade Mundial&#8221;<\/a>, ProXXIma, mat\u00e9ria de capa (2012-11-01)<\/li>\n<li><a href=\"http:\/\/marcogomes.com\/blog\/wp-content\/uploads\/2012\/09\/Estado-de-S.-Paulo-\u2013-Ferramentas-facilitam-campanhas-na-Internet-09.20.2012_-_Estado_O_Inovador.jpg\" target=\"_blank\" rel=\"noopener\">&#8220;Ferramentas facilitam campanhas na Internet&#8221;<\/a>, O Estado de S. Paulo (2012-09-20)<\/li>\n<li><a href=\"http:\/\/marcogomes.com\/blog\/2012\/boo-box-no-programa-roberto-justus-sobre-redes-sociais\/\" target=\"_blank\" rel=\"noopener\">&#8220;boo-box no programa Roberto Justus+ sobre redes sociais&#8221;<\/a>, Rede Record de Televis\u00e3o (2012-07-23)<\/li>\n<li><a href=\"http:\/\/marcogomes.com\/blog\/wp-content\/uploads\/2012\/09\/\u00c9poca-S\u00e3o-Paulo-Clipping_maio-de-2012.jpg\" target=\"_blank\" rel=\"noopener\">&#8220;O marketeiro da internet&#8221;<\/a>, \u00c9poca S\u00e3o Paulo (2012-05)<\/li>\n<li><a href=\"http:\/\/marcogomes.com\/blog\/wp-content\/uploads\/2012\/09\/EXAME-\u2013-15-perfis-no-Twitter-que-todo-empreendedor-deveria-seguir-20120319.png\" target=\"_blank\" rel=\"noopener\">&#8220;15 perfis no Twitter que todo empreendedor deveria seguir&#8221;<\/a>, EXAME.com (2012-03-11)<\/li>\n<li><a href=\"http:\/\/marcogomes.com\/blog\/wp-content\/uploads\/2012\/09\/Brazil-s-Top-10-Most-Innovative-Companies-Forbes.png\" target=\"_blank\" rel=\"noopener\">&#8220;Brazil&#8217;s Top 10 Most Innovative Companies&#8221;<\/a>, Forbes (2012-02-21)<\/li>\n<li><strong><a href=\"http:\/\/marcogomes.com\/blog\/wp-content\/uploads\/2012\/09\/FastCompany-\u2013-Boo-box-The-World\u2019s-50-Most-Innovative-Companies-in-2012.png\" target=\"_blank\" rel=\"noopener\">&#8220;boo-box, The World&#8217;s 50 most innovative companies&#8221;<\/a>, FastCompany (2012-02-13)<\/strong><\/li>\n<li><a href=\"http:\/\/marcogomes.com\/blog\/wp-content\/uploads\/2012\/09\/EXAME-\u2013-Quem-s\u00e3o-as-startups-brasileiras-que-est\u00e3o-ganhando-o-mundo.png\" target=\"_blank\" rel=\"noopener\">&#8220;Quem s\u00e3o as startups brasileiras que est\u00e3o ganhando o mundo&#8221;<\/a>, EXAME.com (2012-01-19)<\/li>\n<li><a href=\"http:\/\/marcogomes.com\/blog\/wp-content\/uploads\/2016\/03\/Folha-de-S.-Paulo-\u2013-Jovem-da-periferia-comanda-agencia-que-atinge-80-dos-internautas-2012-09-28.png\" target=\"_blank\" rel=\"noopener\">&#8220;Jovem da periferia comanda ag\u00eancia que atinge 80% dos internautas&#8221;<\/a>, Folha de S. Paulo (2012-01-12)<\/li>\n<\/ul>\n<h3>2011<\/h3>\n<ul>\n<li><a href=\"http:\/\/marcogomes.com\/blog\/wp-content\/uploads\/2012\/09\/16.12.2011-Clipping_ValorEconomico.jpg\" target=\"_blank\" rel=\"noopener\">&#8220;Empres\u00e1rio de T.I. \u00e9 mais instru\u00eddo que a m\u00e9dia&#8221;<\/a>, Valor Econ\u00f4mico (2011-12-16)<\/li>\n<li><a href=\"http:\/\/marcogomes.com\/blog\/wp-content\/uploads\/2012\/09\/EXAME-PME-\u2013-O-admir\u00e1vel-mundo-novo-dos-empreendedores-da-internet.png\" target=\"_blank\" rel=\"noopener\">&#8220;O admir\u00e1vel mundo novo dos empreendedores da internet&#8221;<\/a>, EXAME.com (2011-04-27)<\/li>\n<li><a href=\"http:\/\/marcogomes.com\/blog\/brilliant-crazy-cocky-de-sarah-lacy-em-pt-br\/\" target=\"_blank\" rel=\"noopener\">&#8220;Brilliant, Crazy, Cocky: How the Top 1% of Entrepreneurs Profit from Global Chaos&#8221;<\/a>, Sarah Lacy (2011-02)<\/li>\n<li><a href=\"http:\/\/marcogomes.com\/blog\/wp-content\/uploads\/2012\/09\/2011_01_02-Correio-Braziliense-high-res-RXX24-0201.png\" target=\"_blank\" rel=\"noopener\">&#8220;Do virtual para o real&#8221;<\/a>, Correio Braziliense (2011-01-02)<\/li>\n<\/ul>\n<h3>2010<\/h3>\n<ul>\n<li><a href=\"http:\/\/marcogomes.com\/blog\/wp-content\/uploads\/2012\/09\/O-Globo-\u2013-Intel-Capital-amplia-portf\u00f3lio-de-investimentos-no-Brasil.png\" target=\"_blank\" rel=\"noopener\">&#8220;Intel Capital amplia portfolio de investimentos no Brasil&#8221;<\/a>, O Globo (2010-11-19)<\/li>\n<li><a href=\"http:\/\/marcogomes.com\/blog\/wp-content\/uploads\/2012\/09\/TechCrunch-\u2013-2010_05_02-TechCrunch-Inside-Brazil\u2019s-Advertising-Startup-Boom.png\" target=\"_blank\" rel=\"noopener\">&#8220;Inside Brazil&#8217;s Advertising Startup Boom&#8221;<\/a>, TechCrunch (2010-05-02)<\/li>\n<li><a href=\"http:\/\/marcogomes.com\/blog\/wp-content\/uploads\/2012\/09\/PEGN-\u2013-Blogs-e-redes-sociais-viram-neg\u00f3cio.png\" target=\"_blank\" rel=\"noopener\">&#8220;Blogs e redes sociais viram neg\u00f3cio na m\u00e3o de jovem empreendedor&#8221;<\/a>, Pequenas Empresas &amp; Grandes Neg\u00f3cios (2010-04-23)<\/li>\n<\/ul>\n<h3>2009, 2008<\/h3>\n<p>(vou atualizar em breve com as principais not\u00edcias publicadas nestes anos)<\/p>\n<h3>2007<\/h3>\n<ul>\n<li><a href=\"http:\/\/marcogomes.com\/blog\/wp-content\/uploads\/2012\/09\/IDG-Now-\u2013-Servi\u00e7o-online-boo-box-recebe-aporte-de-US-300-mil-em-capital-de-risco.png\" target=\"_blank\" rel=\"noopener\">&#8220;Servi\u00e7o online boo-box recebe US$ 300 mil em capital de risco&#8221;<\/a>, IDG Now! (2007-07-26)<\/li>\n<li><strong><a href=\"http:\/\/marcogomes.com\/blog\/wp-content\/uploads\/2012\/09\/TechCrunch-\u2013-2007_01_21-techcrunch-booBox-To-Help-Bloggers-Sell-Stuff.png\" target=\"_blank\" rel=\"noopener\">&#8220;booBox to help Bloggers sell stuff&#8221;<\/a>, TechCrunch (2007-01-21)<\/strong><\/li>\n<\/ul>\n","protected":false},"excerpt":{"rendered":"<p>Principais mat\u00e9rias sobre mim e minhas empresas. 2022 Martech Hike anuncia Marco Gomes como CIO: O executivo ter\u00e1 o desafio<\/p>\n","protected":false},"author":1,"featured_media":3276,"parent":0,"menu_order":0,"comment_status":"closed","ping_status":"closed","template":"","meta":{"footnotes":""},"class_list":["post-3273","page","type-page","status-publish","has-post-thumbnail","hentry","comments-off"],"_links":{"self":[{"href":"https:\/\/marcogomes.com\/blog\/wp-json\/wp\/v2\/pages\/3273","targetHints":{"allow":["GET"]}}],"collection":[{"href":"https:\/\/marcogomes.com\/blog\/wp-json\/wp\/v2\/pages"}],"about":[{"href":"https:\/\/marcogomes.com\/blog\/wp-json\/wp\/v2\/types\/page"}],"author":[{"embeddable":true,"href":"https:\/\/marcogomes.com\/blog\/wp-json\/wp\/v2\/users\/1"}],"replies":[{"embeddable":true,"href":"https:\/\/marcogomes.com\/blog\/wp-json\/wp\/v2\/comments?post=3273"}],"version-history":[{"count":98,"href":"https:\/\/marcogomes.com\/blog\/wp-json\/wp\/v2\/pages\/3273\/revisions"}],"predecessor-version":[{"id":6160,"href":"https:\/\/marcogomes.com\/blog\/wp-json\/wp\/v2\/pages\/3273\/revisions\/6160"}],"wp:featuredmedia":[{"embeddable":true,"href":"https:\/\/marcogomes.com\/blog\/wp-json\/wp\/v2\/media\/3276"}],"wp:attachment":[{"href":"https:\/\/marcogomes.com\/blog\/wp-json\/wp\/v2\/media?parent=3273"}],"curies":[{"name":"wp","href":"https:\/\/api.w.org\/{rel}","templated":true}]}}