{"id":3697,"date":"2013-03-21T10:11:41","date_gmt":"2013-03-21T13:11:41","guid":{"rendered":"http:\/\/marcogomes.com\/blog\/?page_id=3697"},"modified":"2022-09-21T12:32:38","modified_gmt":"2022-09-21T15:32:38","slug":"bio-e-foto","status":"publish","type":"page","link":"https:\/\/marcogomes.com\/blog\/bio-e-foto\/","title":{"rendered":"Mini bio e foto de divulga\u00e7\u00e3o"},"content":{"rendered":"<p>Abaixo h\u00e1 algumas vers\u00f5es da minha mini biografia e fotos oficiais para uso, <strong>exclusivamente com autoriza\u00e7\u00e3o minha<\/strong>, em materiais de divulga\u00e7\u00e3o de eventos, confer\u00eancias, e-books, artigos e demais materiais que participo, se tiver d\u00favidas, <a href=\"http:\/\/marcogomes.com\/blog\/contato\/\" target=\"_blank\" rel=\"noopener noreferrer\">fale comigo por email<\/a>.<\/p>\n<h3>Fotos de divulga\u00e7\u00e3o<\/h3>\n<p>Clique para baixar as imagens em alta resolu\u00e7\u00e3o.<\/p>\n<p><a href=\"http:\/\/marcogomes.com\/blog\/wp-content\/uploads\/2022\/09\/IMG_4274.jpg\" target=\"_blank\" rel=\"noopener noreferrer\"><img loading=\"lazy\" decoding=\"async\" class=\"alignnone size-thumbnail\" src=\"http:\/\/marcogomes.com\/blog\/wp-content\/uploads\/2022\/09\/IMG_4274-160x160.jpg\" alt=\"Marco Gomes em 2022, express\u00e3o neutra, leva a m\u00e3o ao rosco como quem vai ajeitar a barba, cabelo afro, \u00f3culos, barba cheia, camisa em padr\u00e3o xadrez cinza escuro e verde, abotoada at\u00e9 o pesco\u00e7o.\" width=\"150\" height=\"150\" \/><\/a> <a href=\"http:\/\/marcogomes.com\/blog\/wp-content\/uploads\/2022\/09\/IMG_4291.jpg\" target=\"_blank\" rel=\"noopener noreferrer\"><img loading=\"lazy\" decoding=\"async\" class=\"alignnone size-thumbnail\" src=\"http:\/\/marcogomes.com\/blog\/wp-content\/uploads\/2022\/09\/IMG_4291-160x160.jpg\" alt=\"Marco Gomes em 2022, sorri largamente, cabelo afro, \u00f3culos, barba cheia, camisa em padr\u00e3o xadrez cinza escuro e verde, abotoada at\u00e9 o pesco\u00e7o.\" width=\"150\" height=\"150\" \/><\/a> <a href=\"https:\/\/marcogomes.com\/blog\/wp-content\/uploads\/2022\/09\/IMG_4276.jpg\" target=\"_blank\" rel=\"noopener noreferrer\"><img loading=\"lazy\" decoding=\"async\" class=\"alignnone size-thumbnail\" src=\"http:\/\/marcogomes.com\/blog\/wp-content\/uploads\/2022\/09\/IMG_4276-160x160.jpg\" alt=\"Marco Gomes em 2022, rosto s\u00e9rio, leva a m\u00e3o aos \u00f3culos, cabelo afro, \u00f3culos, barba cheia, camisa em padr\u00e3o xadrez cinza escuro e verde, abotoada at\u00e9 o pesco\u00e7o.\" width=\"150\" height=\"150\" \/><\/a> <a href=\"http:\/\/marcogomes.com\/blog\/wp-content\/uploads\/2020\/11\/marcogomes-avatar-2020-05.jpg\" target=\"_blank\" rel=\"noopener noreferrer\"><img loading=\"lazy\" decoding=\"async\" class=\"alignnone size-thumbnail\" src=\"http:\/\/marcogomes.com\/blog\/wp-content\/uploads\/2020\/11\/marcogomes-avatar-2020-05-160x160.jpg\" alt=\"Marco Gomes em 2020, cabelo afro, \u00f3culos, barba cheia.\" width=\"150\" height=\"150\" \/><\/a> <a href=\"http:\/\/marcogomes.com\/blog\/wp-content\/uploads\/2013\/03\/IMG_0707.jpg\" target=\"_blank\" rel=\"noopener noreferrer\"><img loading=\"lazy\" decoding=\"async\" class=\"alignnone size-thumbnail\" src=\"http:\/\/marcogomes.com\/blog\/wp-content\/uploads\/2013\/03\/IMG_0707-160x160.jpg\" alt=\"Marco Gomes, foto para perfil online\" width=\"150\" height=\"150\" \/><\/a> <a href=\"http:\/\/marcogomes.com\/blog\/wp-content\/uploads\/2015\/05\/11053462_831125350312841_513356524292656213_o.jpg\" target=\"_blank\" rel=\"noopener noreferrer\"><img loading=\"lazy\" decoding=\"async\" class=\"alignnone size-thumbnail\" src=\"http:\/\/marcogomes.com\/blog\/wp-content\/uploads\/2015\/05\/11053462_831125350312841_513356524292656213_o-160x160.jpg\" alt=\"Marco Gomes pedalando bike fixed gear no evento Levi's Commuter 2015\" width=\"150\" height=\"150\" \/><\/a> <a href=\"http:\/\/marcogomes.com\/blog\/wp-content\/uploads\/2015\/05\/17183383342_5617231c27_k.jpg\" target=\"_blank\" rel=\"noopener noreferrer\"><img loading=\"lazy\" decoding=\"async\" class=\"alignnone size-thumbnail\" src=\"http:\/\/marcogomes.com\/blog\/wp-content\/uploads\/2015\/05\/17183383342_5617231c27_k-160x160.jpg\" alt=\"Marco Gomes no TEDx Universidade de Bras\u00edlia\" width=\"150\" height=\"150\" \/><\/a> <a href=\"http:\/\/marcogomes.com\/blog\/wp-content\/uploads\/2015\/05\/17183303452_a1a221e886_k.jpg\" target=\"_blank\" rel=\"noopener noreferrer\"><img loading=\"lazy\" decoding=\"async\" class=\"alignnone size-thumbnail\" src=\"http:\/\/marcogomes.com\/blog\/wp-content\/uploads\/2015\/05\/17183303452_a1a221e886_k-160x160.jpg\" alt=\"Marco Gomes no TEDx Universidade de Bras\u00edlia\" width=\"150\" height=\"150\" \/><\/a> <a href=\"http:\/\/marcogomes.com\/blog\/wp-content\/uploads\/2015\/05\/16998841849_3c9013091e_k.jpg\" target=\"_blank\" rel=\"noopener noreferrer\"><img loading=\"lazy\" decoding=\"async\" class=\"alignnone size-thumbnail\" src=\"http:\/\/marcogomes.com\/blog\/wp-content\/uploads\/2015\/05\/16998841849_3c9013091e_k-160x160.jpg\" alt=\"Marco Gomes no TEDx Universidade de Bras\u00edlia\" width=\"150\" height=\"150\" \/><\/a> <a href=\"http:\/\/marcogomes.com\/blog\/wp-content\/uploads\/2015\/05\/16998742589_f8087efdd0_k.jpg\" target=\"_blank\" rel=\"noopener noreferrer\"><img loading=\"lazy\" decoding=\"async\" class=\"alignnone size-thumbnail\" src=\"http:\/\/marcogomes.com\/blog\/wp-content\/uploads\/2015\/05\/16998742589_f8087efdd0_k-160x160.jpg\" alt=\"Marco Gomes no TEDx Universidade de Bras\u00edlia\" width=\"150\" height=\"150\" \/><\/a> <a href=\"http:\/\/marcogomes.com\/blog\/wp-content\/uploads\/2015\/05\/16997694210_e29e347075_k.jpg\" target=\"_blank\" rel=\"noopener noreferrer\"><img loading=\"lazy\" decoding=\"async\" class=\"alignnone size-thumbnail\" src=\"http:\/\/marcogomes.com\/blog\/wp-content\/uploads\/2015\/05\/16997694210_e29e347075_k-160x160.jpg\" alt=\"Marco Gomes no TEDx Universidade de Bras\u00edlia\" width=\"150\" height=\"150\" \/><\/a><\/p>\n<h3>Mini biografias<\/h3>\n<p>Tenho algumas op\u00e7\u00f5es de mini biografias (ou mini curr\u00edculos), desde as mais breves at\u00e9 mais longas, em ingl\u00eas e portugu\u00eas. Escolha uma para usar em seu material de divulga\u00e7\u00e3o.<\/p>\n<hr \/>\n<p>Marco Gomes trabalha com tecnologia h\u00e1 mais de 20 anos: de 2016 a 2021 foi estrategista de projetos de dados na Palantir Technologies em NY; em 2013 foi premiado com o World Technology Award na categoria comunica\u00e7\u00e3o e marketing; em 2007 fundou a boo-box, startup de m\u00eddia digital considerada uma das empresas mais inovadoras do mundo (FastCompany, Forbes, Financial Times), vendida em 2015 para a FTPI-Digital.<\/p>\n<p>Oriundo da periferia de Bras\u00edlia, Marco discursou sobre economia criativa e liberdade de express\u00e3o na sede da ONU em NY; foi apontado pela Veja como uma das 10 vozes de maior engajamento durante os protestos que tomaram o Brasil em junho de 2013; e foi o principal estudo de caso no livro &#8220;Brilliant, Crazy, Cocky&#8221;, onde a jornalista de tecnologia Sarah Lacy analisa empreendedores de alto impacto em mercados emergentes como Brasil, China, \u00cdndia e Ruanda.<\/p>\n<p>Perif\u00e9rico, ativista, nerd e geek. F\u00e3 de fic\u00e7\u00e3o cient\u00edfica e da cultura hip-hop brasileira.<\/p>\n<hr \/>\n<p>Marco Gomes trabalhou em SP e NY com estrat\u00e9gia de tecnologia e dados para companhias como Airbus, Globo e FirstData; recebeu o World Technology Award em comunica\u00e7\u00e3o e marketing; e fundou a boo-box, uma das startups mais inovadoras do mundo (FastCompany, Forbes, Financial Times), vendida em 2015.<\/p>\n<p>Oriundo da periferia do DF, discursou sobre liberdade de express\u00e3o na ONU em NY; apontado pela Veja como uma das 10 vozes mas relevantes nos protestos de junho de 2013; e principal estudo de caso no livro &#8220;Brilliant, Crazy, Cocky&#8221;, sobre empreendedores de alto impacto em pa\u00edses emergentes.<\/p>\n<hr \/>\n<p>Deployment strategist of data projects in NY from 2016 to 2021; awarded by the World Technology Network as the best Marketing Communications professional of 2013. Founder of boo-box, an ad network considered to be one of the world\u2019s most innovative companies (FastCompany, Forbes, Financial Times), sold in 2015.<\/p>\n<p>Speaker on creative economy and free speech at the United Nations HQ in NYC. The main case study in \u201cBrilliant, Crazy, Cocky\u201d, Sarah Lacy\u2019s book about high-impact entrepreneurs in emerging markets.<\/p>\n<p>A Latin American geek coming from poverty. A fan of science fiction and of the Brazilian hip-hop culture.<\/p>\n","protected":false},"excerpt":{"rendered":"<p>Abaixo h\u00e1 algumas vers\u00f5es da minha mini biografia e fotos oficiais para uso, exclusivamente com autoriza\u00e7\u00e3o minha, em materiais de<\/p>\n","protected":false},"author":1,"featured_media":0,"parent":0,"menu_order":0,"comment_status":"closed","ping_status":"closed","template":"","meta":{"footnotes":""},"class_list":["post-3697","page","type-page","status-publish","hentry","comments-off"],"_links":{"self":[{"href":"https:\/\/marcogomes.com\/blog\/wp-json\/wp\/v2\/pages\/3697","targetHints":{"allow":["GET"]}}],"collection":[{"href":"https:\/\/marcogomes.com\/blog\/wp-json\/wp\/v2\/pages"}],"about":[{"href":"https:\/\/marcogomes.com\/blog\/wp-json\/wp\/v2\/types\/page"}],"author":[{"embeddable":true,"href":"https:\/\/marcogomes.com\/blog\/wp-json\/wp\/v2\/users\/1"}],"replies":[{"embeddable":true,"href":"https:\/\/marcogomes.com\/blog\/wp-json\/wp\/v2\/comments?post=3697"}],"version-history":[{"count":159,"href":"https:\/\/marcogomes.com\/blog\/wp-json\/wp\/v2\/pages\/3697\/revisions"}],"predecessor-version":[{"id":6151,"href":"https:\/\/marcogomes.com\/blog\/wp-json\/wp\/v2\/pages\/3697\/revisions\/6151"}],"wp:attachment":[{"href":"https:\/\/marcogomes.com\/blog\/wp-json\/wp\/v2\/media?parent=3697"}],"curies":[{"name":"wp","href":"https:\/\/api.w.org\/{rel}","templated":true}]}}